{"id":548,"date":"2014-09-03T23:26:05","date_gmt":"2014-09-03T21:26:05","guid":{"rendered":"http:\/\/www.kirke.de\/?page_id=548"},"modified":"2014-09-04T23:40:50","modified_gmt":"2014-09-04T21:40:50","slug":"kirke","status":"publish","type":"page","link":"http:\/\/www.kirke.de\/?page_id=548","title":{"rendered":"Kirke"},"content":{"rendered":"<p>Kirke ist nach der griechischen Mythologie eine Zauberin auf der Insel Alaia (\u00fcbersetzt: &#8220;Klagen&#8221;).\u00a0 Von ihren Dienerinnen umgeben, bewohnt sie in einer Waldlichtung eine Villa \u2013 und genie\u00dft das Leben. Wehe aber, es kommen Besucher auf die Insel. Zu damaliger Zeit waren dies insbesondere M\u00e4nner \u2013 die sich von dem holden Weib mit den ihnen verborgenen Kr\u00e4ften becircen lie\u00dfen. Homer berichtet von seiner Reise:<\/p>\n<p style=\"padding-left: 30px;\">&#8230;<br \/>\nUnd das Los des beherzten Eurylochos sprang aus dem Helme.<br \/>\nDieser machte sich auf mit zweiundzwanzig Gef\u00e4hrten;<br \/>\nWeinend gingen sie fort, und verlie\u00dfen uns traurend am Ufer.<br \/>\nUnd sie fanden im Tal des Gebirgs die Wohnung der Kirke,<br \/>\nVon gehauenen Steinen, in weitumschauender Gegend.<br \/>\nIhn umwandelten rings Bergw\u00f6lfe und m\u00e4hnichte L\u00f6wen,<br \/>\nDurch die verderblichen S\u00e4fte der m\u00e4chtigen Kirke bezaubert.<br \/>\nDiese sprangen nicht wild auf die M\u00e4nner, sondern sie stiegen<br \/>\nSchmeichelnd an ihnen empor mit langen wedelnden Schw\u00e4nzen.<br \/>\nAlso umwedeln die Hunde den Hausherrn, wenn er vom Schmause<br \/>\nWiederkehrt; denn er bringt best\u00e4ndig leckere Bissen:<br \/>\nAlso umwedelten sie starkklauige L\u00f6wen und W\u00f6lfe.<br \/>\nAber sie f\u00fcrchteten sich vor den schrecklichen Ungeheuern.<br \/>\nUnd sie standen am Hofe der sch\u00f6ngelocketen G\u00f6ttin,<br \/>\nUnd vernahmen im Haus anmutige Melodieen.<br \/>\nSingend webete Kirke den gro\u00dfen unsterblichen Teppich,<br \/>\nFein und lieblich und gl\u00e4nzend, wie aller G\u00f6ttinnen Arbeit.<br \/>\nUnter ihnen begann der V\u00f6lkerf\u00fchrer Polites,<br \/>\nWelcher der liebste mir war und geehrteste meiner Genossen:<br \/>\nFreunde, hier wirket jemand, und singt am gro\u00dfen Gewebe<br \/>\nReizende Melodieen, da\u00df rings das Get\u00e4fel ert\u00f6net;<br \/>\nEine G\u00f6ttin, oder ein Weib; wir wollen ihr rufen!<br \/>\nAlso sprach Polites; die Freunde gehorchten, und riefen.<br \/>\nJene kam, und \u00f6ffnete schnell die strahlende Pforte,<br \/>\nN\u00f6tigte sie; und alle, die Unbesonnenen, folgten.<br \/>\nNur Eurylochos blieb, denn er vermutete B\u00f6ses.<br \/>\nUnd sie setzte die M\u00e4nner auf pr\u00e4chtige Sessel und Throne,<br \/>\nMengte geriebenen K\u00e4se mit Mehl und gelblichem Honig<br \/>\nUnter pramnischen Wein, und mischte bet\u00f6rende S\u00e4fte<br \/>\nIn das Gericht, damit sie der Heimat g\u00e4nzlich verg\u00e4\u00dfen.<br \/>\nAls sie dieses empfangen und ausgeleeret, da r\u00fchrte<br \/>\nKirke sie mit der Rute, und sperrte sie dann in die K\u00f6fen.<br \/>\nDenn sie hatten von Schweinen die K\u00f6pfe, Stimmen und Leiber,<br \/>\nAuch die Borsten; allein ihr Verstand blieb v\u00f6llig, wie vormals.<br \/>\nWeinend lie\u00dfen sie sich einsperren; da sch\u00fcttete Kirke<br \/>\nIhnen Eicheln und Buchenmast, und rote Kornellen<br \/>\nVor, das gew\u00f6hnliche Futter der erdaufw\u00fchlenden Schweine.<br \/>\n&#8230;<\/p>\n<p><span style=\"font-size:75%; font-style:italic\">(zitiert nach <a title=\"Homer: Odyssee\" href=\"http:\/\/gutenberg.spiegel.de\/buch\/odyssee-1822\/27\" target=\"_blank\">Projekt Gutenberg<\/a>)<\/span><\/p>\n<p>Ja, &#8220;beCIRCEn&#8221; leitet sich via Latein tats\u00e4chlich von jener sagenumwobenen Insulanerin ab.<\/p>\n<p>Nein, kein Besucher dieser Insel im Datennetz wird von der Lekt\u00fcre zum Tier verwandelt werden &#8230; st\u00f6bern Sie, lasst Euch auf die Texte und Bilder ein, genie\u00dft den Wein, der Euch von den Autoren eingeschenkt wird.<\/p>\n<p>Kirke<br \/>\n(E-Mails bitte an: lite ra tur@kirke.de [nat\u00fcrlich ohne die Spam-Schutz-Leerzeichen])<\/p>\n","protected":false},"excerpt":{"rendered":"<p>Kirke ist nach der griechischen Mythologie eine Zauberin auf der Insel Alaia (\u00fcbersetzt: &#8220;Klagen&#8221;).\u00a0 Von ihren Dienerinnen umgeben, bewohnt sie in einer Waldlichtung eine Villa \u2013 und genie\u00dft das Leben. Wehe aber, es kommen Besucher auf die Insel. Zu damaliger Zeit waren dies insbesondere M\u00e4nner \u2013 die sich von dem holden Weib mit den ihnen [&hellip;]<\/p>\n","protected":false},"author":1,"featured_media":0,"parent":0,"menu_order":0,"comment_status":"open","ping_status":"open","template":"","meta":[],"_links":{"self":[{"href":"http:\/\/www.kirke.de\/index.php?rest_route=\/wp\/v2\/pages\/548"}],"collection":[{"href":"http:\/\/www.kirke.de\/index.php?rest_route=\/wp\/v2\/pages"}],"about":[{"href":"http:\/\/www.kirke.de\/index.php?rest_route=\/wp\/v2\/types\/page"}],"author":[{"embeddable":true,"href":"http:\/\/www.kirke.de\/index.php?rest_route=\/wp\/v2\/users\/1"}],"replies":[{"embeddable":true,"href":"http:\/\/www.kirke.de\/index.php?rest_route=%2Fwp%2Fv2%2Fcomments&post=548"}],"version-history":[{"count":15,"href":"http:\/\/www.kirke.de\/index.php?rest_route=\/wp\/v2\/pages\/548\/revisions"}],"predecessor-version":[{"id":566,"href":"http:\/\/www.kirke.de\/index.php?rest_route=\/wp\/v2\/pages\/548\/revisions\/566"}],"wp:attachment":[{"href":"http:\/\/www.kirke.de\/index.php?rest_route=%2Fwp%2Fv2%2Fmedia&parent=548"}],"curies":[{"name":"wp","href":"https:\/\/api.w.org\/{rel}","templated":true}]}}