{"id":2,"date":"2014-05-09T04:35:09","date_gmt":"2014-05-09T04:35:09","guid":{"rendered":"http:\/\/localhost\/wordpress-3.9.1\/wordpress\/?page_id=2"},"modified":"2014-11-21T00:05:25","modified_gmt":"2014-11-20T23:05:25","slug":"sample-page","status":"publish","type":"page","link":"http:\/\/www.kirke.de\/?page_id=2","title":{"rendered":"\u00dcber Ungegerbt"},"content":{"rendered":"<p>Noch ein Literatur-Blog? Nun, ja! Ungegerbt Ererbtes sammelt Texte, die nebenbei, ohne konkrete Publikationsabsicht entstanden sind, die aber zu schade sind, um nun im Regal zu vergammeln und irgendwann im Papierkorb zu landen. Die Texte sind ausdr\u00fccklich nicht meine eigenen Texte.<\/p>\n<p>Wenn nicht anders erw\u00e4hnt, sind auch eventuell vorhandene Bilder vom Autor der jeweiligen Seite.<\/p>\n<h2>Ungegerbt Ererbtes?<\/h2>\n<p><a title=\"Pergament (Wikipedia)\" href=\"http:\/\/de.wikipedia.org\/wiki\/Pergament\" target=\"_blank\">Pergament<\/a>, ebenso wie Papyrus ein Vorl\u00e4ufer des Papiers und damit das Tr\u00e4germaterial f\u00fcr fr\u00fche Literatur, wird aus\u00a0<em>ungegerbten<\/em> Tierh\u00e4uten hergestellt.<\/p>\n<p><em><a title=\"Gerben (Wikipedia)\" href=\"http:\/\/de.wikipedia.org\/wiki\/Gerben\" target=\"_blank\">Gerben<\/a><\/em>\u00a0ist ein Veredelungsprozess, der Leder haltbar macht. Die Literatur auf diesen Seiten ist unter Umst\u00e4nden noch nicht perfekt, vielleicht nicht f\u00fcr die Ewigkeit geschrieben \u2013 sie hat vielleicht die letzte Veredelung noch nicht erfahren. Sie hat (\u00fcberwiegend) auch noch nicht allzu viel Licht gesehen (= Leser gehabt), konnte also noch nicht, so wie die Haut der Landarbeiter von Sonne und Wetter <em>gegerbt<\/em> werden.<\/p>\n<p><em>Ererbtes<\/em> f\u00e4llt einem zu \u2013 kostenlos, aber bereichernd.<\/p>\n<h2>Zu den Autoren<\/h2>\n<ul>\n<li><strong>RS:<\/strong> Langj\u00e4hriger Gebrauchsgrafiker \u2013 mit Papier und Stift, g\u00e4nzlich ohne Computer. Nach einem bewegten Leben nun betagt im bescheidenen Ruhestand in Norddeutschland seine Tage genie\u00dfend.<\/li>\n<li><strong>CS:<\/strong> Kinderfrau, Handwerkerin, Bauersfrau, Mutter \u2013 und leidenschaftliche Dichterin (mit Ausfl\u00fcgen in andere Genre). Richtig Zeit zum Schreiben fand sie allerdings erst im h\u00f6heren Alter. 1909 geboren, starb sie Anfang des 3. Jahrtausends de facto an ihrem Schreibcomputer sitzend.<\/li>\n<\/ul>\n<p>Kirke<\/p>\n<p>&nbsp;<\/p>\n<p>Kontakt: info (at) kirke (.) de<\/p>\n","protected":false},"excerpt":{"rendered":"<p>Noch ein Literatur-Blog? Nun, ja! Ungegerbt Ererbtes sammelt Texte, die nebenbei, ohne konkrete Publikationsabsicht entstanden sind, die aber zu schade sind, um nun im Regal zu vergammeln und irgendwann im Papierkorb zu landen. Die Texte sind ausdr\u00fccklich nicht meine eigenen Texte. Wenn nicht anders erw\u00e4hnt, sind auch eventuell vorhandene Bilder vom Autor der jeweiligen Seite. [&hellip;]<\/p>\n","protected":false},"author":1,"featured_media":297,"parent":0,"menu_order":0,"comment_status":"open","ping_status":"open","template":"","meta":[],"_links":{"self":[{"href":"http:\/\/www.kirke.de\/index.php?rest_route=\/wp\/v2\/pages\/2"}],"collection":[{"href":"http:\/\/www.kirke.de\/index.php?rest_route=\/wp\/v2\/pages"}],"about":[{"href":"http:\/\/www.kirke.de\/index.php?rest_route=\/wp\/v2\/types\/page"}],"author":[{"embeddable":true,"href":"http:\/\/www.kirke.de\/index.php?rest_route=\/wp\/v2\/users\/1"}],"replies":[{"embeddable":true,"href":"http:\/\/www.kirke.de\/index.php?rest_route=%2Fwp%2Fv2%2Fcomments&post=2"}],"version-history":[{"count":19,"href":"http:\/\/www.kirke.de\/index.php?rest_route=\/wp\/v2\/pages\/2\/revisions"}],"predecessor-version":[{"id":610,"href":"http:\/\/www.kirke.de\/index.php?rest_route=\/wp\/v2\/pages\/2\/revisions\/610"}],"wp:featuredmedia":[{"embeddable":true,"href":"http:\/\/www.kirke.de\/index.php?rest_route=\/wp\/v2\/media\/297"}],"wp:attachment":[{"href":"http:\/\/www.kirke.de\/index.php?rest_route=%2Fwp%2Fv2%2Fmedia&parent=2"}],"curies":[{"name":"wp","href":"https:\/\/api.w.org\/{rel}","templated":true}]}}