{"id":170,"date":"2014-08-17T17:38:21","date_gmt":"2014-08-17T15:38:21","guid":{"rendered":"http:\/\/blog.vornweg.de\/?page_id=170"},"modified":"2014-11-20T23:16:54","modified_gmt":"2014-11-20T22:16:54","slug":"inhalt","status":"publish","type":"page","link":"http:\/\/www.kirke.de\/?page_id=170","title":{"rendered":"Inhalt: RS"},"content":{"rendered":"<h1>Allegorien<\/h1>\n<ul>\n<li><a title=\"In Treue verbunden\" href=\"http:\/\/www.kirke.de\/?p=1\">In Treue verbunden <\/a>(inklusvie &#8220;Masse und Begreifer&#8221;)<\/li>\n<li><a title=\"Leben ist Wandel\" href=\"http:\/\/www.kirke.de\/?p=18\">Leben ist Wandel<\/a><\/li>\n<li><a title=\"Abseits der gro\u00dfen Stra\u00dfe\" href=\"http:\/\/www.kirke.de\/?p=23\">Abseits der gro\u00dfen Stra\u00dfe<\/a><\/li>\n<li><a title=\"Ein Lebensinhalt\" href=\"http:\/\/www.kirke.de\/?p=20\">Ein Lebensinhalt<\/a><\/li>\n<li><a title=\"Die Turmbesteigung\" href=\"http:\/\/www.kirke.de\/?p=30\">Die Turmbesteigung<\/a><\/li>\n<li><a title=\"Der Zerrissene\" href=\"http:\/\/www.kirke.de\/?p=33\">Der Zerrissene<\/a><\/li>\n<li><a title=\"Kopf und Bauch\" href=\"http:\/\/www.kirke.de\/?p=39\">Kopf und Bauch<\/a><\/li>\n<li><a title=\"Lebensplan\" href=\"http:\/\/www.kirke.de\/?p=45\">Lebensplan<\/a><\/li>\n<li><a title=\"Der Lebenskluge\" href=\"http:\/\/www.kirke.de\/?p=50\">Der Lebenskluge<\/a><\/li>\n<li><a title=\"F\u00fcreinander bestimmt: Selbstfindung\" href=\"http:\/\/www.kirke.de\/?p=54\">F\u00fcr einander bestimmt: Selbstfindung<\/a><\/li>\n<li><a title=\"Zukunftstr\u00e4ume\" href=\"http:\/\/www.kirke.de\/?p=57\">Zukunftstr\u00e4ume<\/a><\/li>\n<li><a title=\"Warten auf Zuwachs\" href=\"http:\/\/www.kirke.de\/?p=60\">Warten auf Zuwachs<\/a><\/li>\n<li><a title=\"Die Kr\u00fccken\" href=\"http:\/\/www.kirke.de\/?p=63\">Die Kr\u00fccken<\/a><\/li>\n<li><a title=\"Auf dem Weg in die Zukunft\" href=\"http:\/\/www.kirke.de\/?p=68\">Auf dem Weg in die Zukunft<\/a><\/li>\n<li><a title=\"Die Last der Erinnerungen\" href=\"http:\/\/www.kirke.de\/?p=74\">Die Last der Erinnerungen<\/a><\/li>\n<li><a title=\"Besuch\" href=\"http:\/\/www.kirke.de\/?p=78\">Besuch<\/a><\/li>\n<li><a title=\"Lebensauftrag\" href=\"http:\/\/www.kirke.de\/?p=82\">Lebensauftrag<\/a><\/li>\n<li><a title=\"Das Gl\u00fcck des Ballonverk\u00e4ufers\" href=\"http:\/\/www.kirke.de\/?p=88\">Das Gl\u00fcck des Ballonverk\u00e4ufers<\/a><\/li>\n<li><a title=\"Sinnsuche unter Tr\u00fcmmern\" href=\"http:\/\/www.kirke.de\/?p=93\">Sinnsuche unter Tr\u00fcmmern<\/a><\/li>\n<li><a title=\"So ein Sturm\" href=\"http:\/\/www.kirke.de\/?p=98\">So ein Sturm<\/a><\/li>\n<li><a title=\"Das Leben \u2013 ein Traum\" href=\"http:\/\/www.kirke.de\/?p=289\">Das Leben \u2013 ein Traum<\/a><\/li>\n<li><a title=\"Ein B\u00fcblein\" href=\"http:\/\/www.kirke.de\/?p=293\">Ein B\u00fcblein<\/a><\/li>\n<li><a title=\"Auf den Lebens-Weg gebracht\" href=\"http:\/\/www.kirke.de\/?p=298\">Auf den Lebens-Weg gebracht<\/a><\/li>\n<li><a title=\"Gro\u00dfvaters Erbschaft \u2013 in den Tiefen des Unbewussten\" href=\"http:\/\/www.kirke.de\/?p=301\">Gro\u00dfvaters Erbschaft \u2013 in den Tiefen des Unbewussten<\/a><\/li>\n<li><a title=\"Es frisst und nagt \u2026 und macht damit Neuem Platz\" href=\"http:\/\/www.kirke.de\/?p=319\">Es frisst und nagt &#8230; und macht Neuem Platz<\/a><\/li>\n<li><a title=\"Das Gl\u00fcck der hoffenden Erwartung\" href=\"http:\/\/www.kirke.de\/?p=323\">Das Gl\u00fcck der hoffenden Erwartung<\/a><\/li>\n<li><a title=\"Auf dem Pr\u00e4sentierteller\" href=\"http:\/\/www.kirke.de\/?p=327\">Auf dem Pr\u00e4sentierteller<\/a><\/li>\n<li><a title=\"Das alte Haus\" href=\"http:\/\/www.kirke.de\/?p=331\">Das alte Haus<\/a><\/li>\n<li><a title=\"Liebe auf den zweiten Blick\" href=\"http:\/\/www.kirke.de\/?p=338\">Liebe auf den zweiten Blick<\/a><\/li>\n<li><a title=\"Die singende Harfe\" href=\"http:\/\/www.kirke.de\/?p=342\">Die singende Harfe<\/a><\/li>\n<li><a title=\"Das Gesicht wahren \u2013 verwahren \u2013 aufbewahren\" href=\"http:\/\/www.kirke.de\/?p=345\">Das Gesicht wahren \u2013 verwahren \u2013 aufbewahren<\/a><\/li>\n<li><a title=\"Zwei Zufriedene\" href=\"http:\/\/www.kirke.de\/?p=374\">Zwei Zufriedene<\/a><\/li>\n<li><a title=\"Begierden\" href=\"http:\/\/www.kirke.de\/?p=377\">Begierden<\/a><\/li>\n<li><a title=\"Kobolde\" href=\"http:\/\/www.kirke.de\/?p=383\">Kobolde<\/a><\/li>\n<li><a title=\"Die Hutgeister\" href=\"http:\/\/www.kirke.de\/?p=390\">Die Hutgeister<\/a><\/li>\n<li><a title=\"Die beiden Affen\" href=\"http:\/\/www.kirke.de\/?p=396\">Die beiden Affen<\/a><\/li>\n<li><a title=\"In den guten alten Zeiten \/ In den guten neuen Zeiten\" href=\"http:\/\/www.kirke.de\/?p=402\">In den guten alten Zeiten \/ In den guten neuen Zeiten<\/a><\/li>\n<li><a title=\"Der Karren bleibt stecken\" href=\"http:\/\/www.kirke.de\/?p=411\">Der Karren bleibt stecken<\/a><\/li>\n<li><a title=\"Schicksalsgef\u00e4hrten\" href=\"http:\/\/www.kirke.de\/?p=415\">Schicksalsgef\u00e4hrten<\/a><\/li>\n<li><a title=\"Fest und Flie\u00dfend\" href=\"http:\/\/www.kirke.de\/?p=419\">Fest und Flie\u00dfend<\/a><\/li>\n<li><a title=\"Gewogen und gewertet\" href=\"http:\/\/www.kirke.de\/?p=423\">Gewogen und gewertet<\/a><\/li>\n<li><a title=\"Zwei alte Schachteln\" href=\"http:\/\/www.kirke.de\/?p=427\">Zwei alte Schachteln<\/a><\/li>\n<li><a title=\"Schauen Sie sich das an\" href=\"http:\/\/www.kirke.de\/?p=434\">Schauen Sie sich das an<\/a><\/li>\n<li><a title=\"Das Gl\u00fcck der Wunscherf\u00fcllung\" href=\"http:\/\/www.kirke.de\/?p=438\">Das Gl\u00fcck der Wunscherf\u00fcllung<\/a><\/li>\n<li><a title=\"Ich bin unschuldig\" href=\"http:\/\/www.kirke.de\/?p=442\">Ich bin unschuldig<\/a><\/li>\n<li><a title=\"Der schiefe Spazierstock\" href=\"http:\/\/www.kirke.de\/?p=446\">Der schiefe Spazierstock<\/a><\/li>\n<li><a title=\"Die Suche nach dem Schl\u00fcssel\" href=\"http:\/\/www.kirke.de\/?p=449\">Die Suche nach dem Schl\u00fcssel<\/a><\/li>\n<li><a title=\"Das Testament \u2013 oder: Die Frau ist der Schl\u00fcssel\" href=\"http:\/\/www.kirke.de\/?p=454\">Das Testament \u2013 oder: Die Frau ist der Schl\u00fcssel<\/a><\/li>\n<li><a title=\"Kultiviertes Morden \u2013 kultiviertes Leiden\" href=\"http:\/\/www.kirke.de\/?p=460\">Kultiviertes Morden \u2013 kultiviertes Leiden<\/a><\/li>\n<li><a title=\"Wer 'nen Vogel hat, braucht f\u00fcr den Spott nicht zu sorgen\" href=\"http:\/\/www.kirke.de\/?p=464\">Wer ein V\u00f6glein hat, braucht f\u00fcr den Spott nicht zu sorgen<\/a><\/li>\n<li><a title=\"Das Problem,  das unter den Teppich gekehrt wurde\" href=\"http:\/\/www.kirke.de\/?p=467\">Das Problem, das unter den Teppich gekehrt wurde<\/a><\/li>\n<li><a title=\"Wenn Seelenlandschaften von gro\u00dfen Gef\u00fchlen \u00fcberflutet werden\" href=\"http:\/\/www.kirke.de\/?p=471\">Wenn Seelenlandschaften von gro\u00dfen Gef\u00fchlen \u00fcberflutet werden<\/a><\/li>\n<li><a title=\"Gegens\u00e4tze ziehen sich an\" href=\"http:\/\/www.kirke.de\/?p=481\">Aus der Vogelperspektive<\/a><\/li>\n<li><a title=\"Gegens\u00e4tze ziehen sich an\" href=\"http:\/\/www.kirke.de\/?p=481\">Gegens\u00e4tze ziehen sich an<\/a><\/li>\n<li><a title=\"Die Flammen der Liebe\" href=\"http:\/\/www.kirke.de\/?p=485\">Die Flammen der Liebe<\/a><\/li>\n<li><a title=\"Der M\u00e4rchenprinz\" href=\"http:\/\/www.kirke.de\/?p=502\">Der M\u00e4rchenprinz<\/a><\/li>\n<li><a title=\"Ein folgenschweres Ereignis\" href=\"http:\/\/www.kirke.de\/?p=505\">Ein folgenschweres Ereignis<\/a><\/li>\n<li><a title=\"Familientrag\u00f6die\" href=\"http:\/\/www.kirke.de\/?p=509\">Familientrag\u00f6die<\/a><\/li>\n<li><a title=\"Rechtzeitiger Frontenwechsel\" href=\"http:\/\/www.kirke.de\/?p=513\">Rechtzeitiger Frontenwechsel<\/a><\/li>\n<li><a title=\"Im Arbeitslager\" href=\"http:\/\/www.kirke.de\/?p=517\">Im Arbeitslager<\/a><\/li>\n<li><a title=\"Graf von Altengrunde\" href=\"http:\/\/www.kirke.de\/?p=523\">Graf von Altengrunde<\/a><\/li>\n<li><a title=\"Von Ruhmsucht verzehrt\" href=\"http:\/\/www.kirke.de\/?p=527\">Von Ruhmsucht verzehrt<\/a><\/li>\n<li><a title=\"Die Verzauberung\" href=\"http:\/\/www.kirke.de\/?p=531\">Die Verzauberung<\/a><\/li>\n<li><a title=\"Fr\u00e4ulein Rotk\u00e4ppchen und Herr Wolf (Fragment)\" href=\"http:\/\/www.kirke.de\/?p=537\">Fr\u00e4ulein Rotk\u00e4ppchen und Herr Wolf (Fragment)<\/a><\/li>\n<\/ul>\n<h1>Umgangs-Formen: <br \/>Siebzehn M\u00f6glichkeiten miteinander umzugehen<\/h1>\n<ul>\n<li><a title=\"01 Partnersuche\" href=\"http:\/\/www.kirke.de\/?p=103\">01\u00a0Partnersuche<\/a><\/li>\n<li><a title=\"02 Auf der Traumwiese\" href=\"http:\/\/www.kirke.de\/?p=106\">02 Auf der Traumwiese<\/a><\/li>\n<li><a title=\"03 Ein Maskenspiel\" href=\"http:\/\/www.kirke.de\/?p=111\">03 Ein Maskenspiel<\/a><\/li>\n<li><a title=\"04 Klare Worte\" href=\"http:\/\/www.kirke.de\/?p=130\">04 Klare Worte<\/a><\/li>\n<li><a title=\"05 Freundschaftsbande\" href=\"http:\/\/www.kirke.de\/?p=138\">05 Freundschaftsbande<\/a><\/li>\n<li><a title=\"06 Vier Augen sehen mehr als zwei\" href=\"http:\/\/www.kirke.de\/?p=146\">06 Vier Augen sehen mehr als zwei<\/a><\/li>\n<li><a title=\"07 N\u00e4chstenliebe\" href=\"http:\/\/www.kirke.de\/?p=153\">07 N\u00e4chstenliebe<\/a><\/li>\n<li><a title=\"08 Die Pr\u00fcfung \u2013 Aufkl\u00e4rung oder Trost?\" href=\"http:\/\/www.kirke.de\/?p=159\">08 Die Pr\u00fcfung \u2013 Aufkl\u00e4rung oder Trost?<\/a><\/li>\n<li><a title=\"09 Pythagoras\" href=\"http:\/\/www.kirke.de\/?p=178\">09 Phytagoras<\/a><\/li>\n<li><a title=\"10 Missverst\u00e4ndnisse\" href=\"http:\/\/www.kirke.de\/?p=196\">10 Missverst\u00e4ndnisse<\/a><\/li>\n<li><a title=\"11 Der lerneifrige Liebhaber\" href=\"http:\/\/www.kirke.de\/?p=204\">11 Der lerneifrige LIebhaber<\/a><\/li>\n<li><a title=\"12 Es kann uns gar nicht besser gehen\" href=\"http:\/\/www.kirke.de\/?p=213\">12 Es kann uns gar nicht besser gehen<\/a><\/li>\n<li><a title=\"13 Der Mut zu einer au\u00dfergew\u00f6hnlichen Tat\" href=\"http:\/\/www.kirke.de\/?p=219\">13 Der Mut zu einer au\u00dfergew\u00f6hnlichen Tat<\/a><\/li>\n<li><a title=\"14 Geheime Aufr\u00fcstung \u2026 garantiert den Frieden\" href=\"http:\/\/www.kirke.de\/?p=226\">14 Geheime Aufr\u00fcstung &#8230; garantiert den Frieden<\/a><\/li>\n<li><a title=\"15 Liebesbriefe\" href=\"http:\/\/www.kirke.de\/?p=232\">15 Liebesbriefe<\/a><\/li>\n<li><a title=\"16 Der Strick-Nachmittag\" href=\"http:\/\/www.kirke.de\/?p=237\">16 Der Strick-Nachmittag<\/a><\/li>\n<li><a title=\"17 Kater Kuno\" href=\"http:\/\/www.kirke.de\/?p=247\">17 Kater Kuno<\/a><\/li>\n<\/ul>\n<p>&nbsp;<\/p>\n<p><em>Bildrechte, diese Seite: Kirke<\/em><\/p>\n<p>&nbsp;<\/p>\n","protected":false},"excerpt":{"rendered":"<p>Allegorien In Treue verbunden (inklusvie &#8220;Masse und Begreifer&#8221;) Leben ist Wandel Abseits der gro\u00dfen Stra\u00dfe Ein Lebensinhalt Die Turmbesteigung Der Zerrissene Kopf und Bauch Lebensplan Der Lebenskluge F\u00fcr einander bestimmt: Selbstfindung Zukunftstr\u00e4ume Warten auf Zuwachs Die Kr\u00fccken Auf dem Weg in die Zukunft Die Last der Erinnerungen Besuch Lebensauftrag Das Gl\u00fcck des Ballonverk\u00e4ufers Sinnsuche unter [&hellip;]<\/p>\n","protected":false},"author":1,"featured_media":29,"parent":0,"menu_order":0,"comment_status":"open","ping_status":"open","template":"","meta":[],"_links":{"self":[{"href":"http:\/\/www.kirke.de\/index.php?rest_route=\/wp\/v2\/pages\/170"}],"collection":[{"href":"http:\/\/www.kirke.de\/index.php?rest_route=\/wp\/v2\/pages"}],"about":[{"href":"http:\/\/www.kirke.de\/index.php?rest_route=\/wp\/v2\/types\/page"}],"author":[{"embeddable":true,"href":"http:\/\/www.kirke.de\/index.php?rest_route=\/wp\/v2\/users\/1"}],"replies":[{"embeddable":true,"href":"http:\/\/www.kirke.de\/index.php?rest_route=%2Fwp%2Fv2%2Fcomments&post=170"}],"version-history":[{"count":27,"href":"http:\/\/www.kirke.de\/index.php?rest_route=\/wp\/v2\/pages\/170\/revisions"}],"predecessor-version":[{"id":603,"href":"http:\/\/www.kirke.de\/index.php?rest_route=\/wp\/v2\/pages\/170\/revisions\/603"}],"wp:featuredmedia":[{"embeddable":true,"href":"http:\/\/www.kirke.de\/index.php?rest_route=\/wp\/v2\/media\/29"}],"wp:attachment":[{"href":"http:\/\/www.kirke.de\/index.php?rest_route=%2Fwp%2Fv2%2Fmedia&parent=170"}],"curies":[{"name":"wp","href":"https:\/\/api.w.org\/{rel}","templated":true}]}}